{"id":852,"date":"2024-06-21T05:33:35","date_gmt":"2024-06-21T05:33:35","guid":{"rendered":"https:\/\/seaac.org\/?page_id=852"},"modified":"2024-06-21T06:18:34","modified_gmt":"2024-06-21T06:18:34","slug":"quem-somos","status":"publish","type":"page","link":"https:\/\/seaac.org\/?page_id=852","title":{"rendered":"Quem somos"},"content":{"rendered":"\n<p>Fundado em 15<strong> <\/strong>de janeiro de 1994, em Dracena\/SP, O Sindicato dos Empregados de Agentes Aut\u00f4nomos do Com\u00e9rcio e em Empresas de Assessoramento, Per\u00edcias, Informa\u00e7\u00f5es e Pesquisas e de Empresas de Servi\u00e7os Cont\u00e1beis de Dracena e Regi\u00e3o, passou a partir de 1996 a utilizar a sigla SEAAC para facilitar a comunica\u00e7\u00e3o com os trabalhadores representados. Filiou-se a FEAAC \u2013 Federa\u00e7\u00e3o dos Empregados de Agentes Aut\u00f4nomos do Com\u00e9rcio no Estado de S\u00e3o Paulo em agosto de 1995. Em julho de 1996 transferiu sua sede para a cidade de Presidente Prudente, por ser a maior cidade da Base Territorial, al\u00e9m de estar em posi\u00e7\u00e3o geograficamente privilegiada no centro da base. Com esta mudan\u00e7a, foi alterado tamb\u00e9m o nome da entidade que passou a denominar-se Sindicato dos Empregados de Agentes Aut\u00f4nomos do Com\u00e9rcio e de Empresas de Assessoramento, Per\u00edcias, Informa\u00e7\u00f5es e Pesquisas e em Empresas de Servi\u00e7os Cont\u00e1beis de Presidente Prudente e Regi\u00e3o. A Base Territorial da Entidade e composta por 62 munic\u00edpios que v\u00e3o desde o extremo oeste do estado na cidade de Panorama at\u00e9 a cidade de Tup\u00e3, e de Pres. Epit\u00e1cio a Rancharia, al\u00e9m do Pontal do Paranapanema. Em 1998, filiou-se ao Conselho Intersindical de Pres. Prudente e Regi\u00e3o, Entidade que congrega os mais importantes Sindicatos de Pres. Prudente. A partir de 2001, implantou quatro sub-sedes nas principais cidades da base territorial (Dracena, Pres. Epit\u00e1cio, Pres. Venceslau e Tup\u00e3), visando aproximar-se ainda mais da categoria e dar condi\u00e7\u00f5es de acesso do trabalhador ao Sindicato. Em 2001, juntamente com outros SEAAC\u2019s do Estado, fundou a ASEAAC \u2013 Associa\u00e7\u00e3o dos SEAACs e afins do Estado de S\u00e3o Paulo. No mesmo ano desfilou-se da Federa\u00e7\u00e3o, pois a mesma n\u00e3o atendia os anseios dos representados. Em julho de 2008, filiou-se a CGTB &#8211; Central Geral dos Trabalhadores do Brasil, ap\u00f3s o reconhecimento das Centrais pela legisla\u00e7\u00e3o brasileira. Em 04 de dezembro de 2008, realizou um grande sonho da categoria, inaugurando sua sede pr\u00f3pria. Um local amplo que conta com salas de reuni\u00e3o, \u00e1reas de trabalho e atendimento, banheiros com acessibilidade para portadores de defici\u00eancia, audit\u00f3rio para cursos e eventos e muito mais espa\u00e7o para os trabalhadores. Em 2011, ap\u00f3s mudan\u00e7as na gest\u00e3o da central, filiou-se a CSB \u2013 Central dos Sindicatos do Brasil. O SEAAC Representa aproximadamente oito mil trabalhadores das categorias da \u00e1rea de servi\u00e7os do Com\u00e9rcio. Tem por principio a defesa dos interesses dos trabalhadores, o respeito \u00e0s Leis e a atua\u00e7\u00e3o firme contra os desmandos e explora\u00e7\u00e3o dos trabalhadores das categorias representadas.<\/p>\n\n\n\n<p><a href=\"https:\/\/www.seaac.com.br\/img\/pdf\/certidao.pdf\" target=\"_blank\" rel=\"noreferrer noopener\">Nossa Certid\u00e3o Sindical<\/a><\/p>\n","protected":false},"excerpt":{"rendered":"<p>Fundado em 15 de janeiro de 1994, em Dracena\/SP, O Sindicato dos Empregados de Agentes Aut\u00f4nomos do Com\u00e9rcio e em Empresas de Assessoramento, Per\u00edcias,<\/p>\n","protected":false},"author":1,"featured_media":0,"parent":0,"menu_order":0,"comment_status":"closed","ping_status":"closed","template":"","meta":{"footnotes":""},"class_list":["post-852","page","type-page","status-publish","hentry"],"_links":{"self":[{"href":"https:\/\/seaac.org\/index.php?rest_route=\/wp\/v2\/pages\/852","targetHints":{"allow":["GET"]}}],"collection":[{"href":"https:\/\/seaac.org\/index.php?rest_route=\/wp\/v2\/pages"}],"about":[{"href":"https:\/\/seaac.org\/index.php?rest_route=\/wp\/v2\/types\/page"}],"author":[{"embeddable":true,"href":"https:\/\/seaac.org\/index.php?rest_route=\/wp\/v2\/users\/1"}],"replies":[{"embeddable":true,"href":"https:\/\/seaac.org\/index.php?rest_route=%2Fwp%2Fv2%2Fcomments&post=852"}],"version-history":[{"count":4,"href":"https:\/\/seaac.org\/index.php?rest_route=\/wp\/v2\/pages\/852\/revisions"}],"predecessor-version":[{"id":880,"href":"https:\/\/seaac.org\/index.php?rest_route=\/wp\/v2\/pages\/852\/revisions\/880"}],"wp:attachment":[{"href":"https:\/\/seaac.org\/index.php?rest_route=%2Fwp%2Fv2%2Fmedia&parent=852"}],"curies":[{"name":"wp","href":"https:\/\/api.w.org\/{rel}","templated":true}]}}