{"id":854,"date":"2024-06-21T05:33:35","date_gmt":"2024-06-21T05:33:35","guid":{"rendered":"https:\/\/seaac.org\/?page_id=854"},"modified":"2024-06-21T05:34:44","modified_gmt":"2024-06-21T05:34:44","slug":"diretoria","status":"publish","type":"page","link":"https:\/\/seaac.org\/?page_id=854","title":{"rendered":"Diretoria"},"content":{"rendered":"\n<figure class=\"wp-block-table\"><table><tbody><tr><td><strong>PRESIDENTE<\/strong><br>Ricardo Moreira dos Santos<br>MAROK SERV. ENG. EL\u00c9TRICA LTDA<\/td><\/tr><\/tbody><\/table><\/figure>\n\n\n\n<figure class=\"wp-block-table\"><table><tbody><tr><td><strong>1\u00ba VICE PRESIDENTE<\/strong><br>Emerson Fidel Campos Ara\u00fajo<br>COENG COM. E SERVI\u00c7OS LTDA<\/td><td><strong>2\u00ba VICE PRESIDENTE<\/strong><br>Celso Roberto de Melo Spengler<br>SBS EMPREENDIMENTOS LTDA<\/td><\/tr><\/tbody><\/table><\/figure>\n\n\n\n<figure class=\"wp-block-table\"><table><tbody><tr><td><strong>1\u00ba SECRET\u00c1RIO<\/strong><br>Marconi Marcolino<br>CONSTRUTORA MARCOLINO LTDA<strong>1\u00ba TESOUREIRO<br><\/strong>Luciano Haraldo Erbert<strong><br><\/strong>PONTO T\u00c9CNICO ENG E CONSTRU\u00c7\u00d5ES LTDA<strong><\/strong><\/td><td><strong>2\u00ba SECRET\u00c1RIO<\/strong><br>Ant\u00f4nio Figueiredo de Lima<br>ESCALA ENGENHARIA LTDA<strong>2\u00ba TESOUREIRO<\/strong><br>Marcos&nbsp;Rog\u00e9rio Mesquita de Paula<br>MEKA ENGENHARIA&nbsp;LTDA<\/td><\/tr><\/tbody><\/table><\/figure>\n\n\n\n<figure class=\"wp-block-table\"><table><tbody><tr><td><strong>SUPLENTES<\/strong><\/td><\/tr><\/tbody><\/table><\/figure>\n\n\n\n<figure class=\"wp-block-table\"><table><tbody><tr><td>Ant\u00f4nio Bisconsin&nbsp;CONSTRUTORA ARIPUAN\u00c3 LTDAPaulo C\u00e9sar Pires de Andrade ANDRADE MELLO CONSTR. ED. LTDAEvanildo Gon\u00e7alves Borges INSTALADORA S\u00c3O LUIS LTDA<\/td><td>Glauco Omar Cella MADECON ENG. E PART. LTDAJos\u00e9 Camilo dos Santos RONDONIA TRANSF E CONSTR. LTDALuiz Felipe Marchesini Muller HIPERHAUS CONSTRU\u00c7\u00d5ES LTDA<\/td><\/tr><tr><td colspan=\"2\">Juscelino Bellincanta CONSTRUTORA MOSAICO LTDA<\/td><\/tr><\/tbody><\/table><\/figure>\n\n\n\n<figure class=\"wp-block-table\"><table><tbody><tr><td><strong>CONSELHEIROS E DELEGADOS REPRESENTANTES<\/strong><strong>CONSELHO FISCAL<\/strong><\/td><\/tr><\/tbody><\/table><\/figure>\n\n\n\n<figure class=\"wp-block-table\"><table><tbody><tr><td>Alessandro Oliveira Lima<br>RONDONIA ENERGIA SERV. DE ENG. LTDA<\/td><td>Alceu Ferreira Dias<br>CONSULTEC ENGENHARIA LTDA<\/td><td>Marcos Ant\u00f4nio Pires da Silva<br>HIDRONORTE CONSTR. E COM. LTDA<\/td><\/tr><\/tbody><\/table><\/figure>\n\n\n\n<figure class=\"wp-block-table\"><table><tbody><tr><td><strong>SUPLENTES<\/strong><\/td><\/tr><\/tbody><\/table><\/figure>\n\n\n\n<figure class=\"wp-block-table\"><table><tbody><tr><td>Jaires Lopes Barreto<br>RIO PARTICIPA\u00c7\u00d5ES LTDA<\/td><td>Roberto Luiz Passarini<br>CONSTR. ROBERTO PASSARINI EIRELI<\/td><td>Iuri Daniel Serrate Faria<br>AMAZON SERV. DE ENG. LTDA<\/td><\/tr><\/tbody><\/table><\/figure>\n\n\n\n<figure class=\"wp-block-table\"><table><tbody><tr><td><strong>DELEGADOS REPRESENTANTES<\/strong><\/td><\/tr><\/tbody><\/table><\/figure>\n\n\n\n<figure class=\"wp-block-table\"><table><tbody><tr><td><strong>EFETIVOS<\/strong><br>Ricardo Moreira dos Santos<br>Emerson Fidel Campos Ara\u00fajo<\/td><td><strong>SUPLENTES<\/strong><br>Luciano Haraldo Erbert<br>Celso Roberto de Melo Spengler<\/td><\/tr><\/tbody><\/table><\/figure>\n","protected":false},"excerpt":{"rendered":"<p>PRESIDENTERicardo Moreira dos SantosMAROK SERV. ENG. EL\u00c9TRICA LTDA 1\u00ba VICE PRESIDENTEEmerson Fidel Campos Ara\u00fajoCOENG COM. E SERVI\u00c7OS LTDA 2\u00ba VICE PRESIDENTECelso Roberto de Melo<\/p>\n","protected":false},"author":1,"featured_media":0,"parent":0,"menu_order":0,"comment_status":"closed","ping_status":"closed","template":"","meta":{"footnotes":""},"class_list":["post-854","page","type-page","status-publish","hentry"],"_links":{"self":[{"href":"https:\/\/seaac.org\/index.php?rest_route=\/wp\/v2\/pages\/854","targetHints":{"allow":["GET"]}}],"collection":[{"href":"https:\/\/seaac.org\/index.php?rest_route=\/wp\/v2\/pages"}],"about":[{"href":"https:\/\/seaac.org\/index.php?rest_route=\/wp\/v2\/types\/page"}],"author":[{"embeddable":true,"href":"https:\/\/seaac.org\/index.php?rest_route=\/wp\/v2\/users\/1"}],"replies":[{"embeddable":true,"href":"https:\/\/seaac.org\/index.php?rest_route=%2Fwp%2Fv2%2Fcomments&post=854"}],"version-history":[{"count":2,"href":"https:\/\/seaac.org\/index.php?rest_route=\/wp\/v2\/pages\/854\/revisions"}],"predecessor-version":[{"id":864,"href":"https:\/\/seaac.org\/index.php?rest_route=\/wp\/v2\/pages\/854\/revisions\/864"}],"wp:attachment":[{"href":"https:\/\/seaac.org\/index.php?rest_route=%2Fwp%2Fv2%2Fmedia&parent=854"}],"curies":[{"name":"wp","href":"https:\/\/api.w.org\/{rel}","templated":true}]}}